{"id":106,"date":"2025-04-03T22:56:27","date_gmt":"2025-04-04T01:56:27","guid":{"rendered":"https:\/\/pos.uel.br\/bigdeep\/?page_id=106"},"modified":"2026-02-11T17:09:31","modified_gmt":"2026-02-11T20:09:31","slug":"inscricao","status":"publish","type":"page","link":"https:\/\/pos.uel.br\/bigdeep\/inscricao\/","title":{"rendered":"Inscri\u00e7\u00f5es"},"content":{"rendered":"\n<div class=\"wp-block-columns is-layout-flex wp-container-core-columns-is-layout-9d6595d7 wp-block-columns-is-layout-flex\">\n<div class=\"wp-block-column is-layout-flow wp-block-column-is-layout-flow\" style=\"flex-basis:66.66%\">\n<p>\ud83d\udcdd <strong>Per\u00edodo de inscri\u00e7\u00e3o e upload de documentos:<\/strong> 05 de novembro de 2025 \u00e0 25 de fevereiro de 2026<\/p>\n\n\n\n<p><strong>Valor da Inscri\u00e7\u00e3o:<\/strong> R$ 81,00 (oitenta e um reais)<\/p>\n\n\n\n<p>Acesse o site para inscrever-se no processo seletivo:<br><strong><a href=\"https:\/\/sistemas.uel.br\/portaldepos\/inscricao\/listarDadosCurso?cdCurso=441&amp;nrResolucao=25%2F2020\">Acesse aqui<\/a><\/strong><\/p>\n\n\n\n<p><strong>Per\u00edodo de Selec\u00e3o: <\/strong>26 de fevereiro de 2026<\/p>\n\n\n\n<p><strong>Edital de Resultado Parcial: <\/strong>26 de fevereiro de 2026<\/p>\n\n\n\n<p><strong>Recurso do Resultado Parcial: <\/strong>26 de fevereiro de 2026 at\u00e9 23h59<\/p>\n\n\n\n<p><strong>Resultado do Recurso: <\/strong>27 de fevereiro de 2026<\/p>\n\n\n\n<p><strong>Edital de Resultado Final e convoca\u00e7\u00e3o para Matr\u00edcula: <\/strong>02 de mar\u00e7o de 2026<\/p>\n\n\n\n<p><strong>Per\u00edodo de Matr\u00edcula e upload de documentos pendentes:<\/strong> 03 a 05 de mar\u00e7o de 2026<\/p>\n\n\n\n<p><strong>In\u00edcio do semestre letivo:<\/strong> 16 de mar\u00e7o de 2026<br><\/p>\n\n\n\n<h3 class=\"wp-block-heading\"><strong>Documenta\u00e7\u00e3o<\/strong><\/h3>\n\n\n\n<ul class=\"wp-block-list\">\n<li>C\u00e9dula de Identidade ou Carteira de Identidade Nacional<\/li>\n\n\n\n<li>Cadastro de Pessoa F\u00edsica &#8211; CPF<\/li>\n\n\n\n<li>Documento Militar<\/li>\n\n\n\n<li>Certid\u00e3o de Nascimento ou Casamento<\/li>\n\n\n\n<li>Hist\u00f3rico escolar da gradua\u00e7\u00e3o completo<\/li>\n\n\n\n<li>Diploma do curso de gradua\u00e7\u00e3o<\/li>\n<\/ul>\n\n\n\n<p>Verifique o edital para informa\u00e7\u00f5es completas do padr\u00e3o de envio dos documentos.<br><\/p>\n\n\n\n<h3 class=\"wp-block-heading\"><strong>D\u00favidas<\/strong><\/h3>\n\n\n\n<p>Entre em contato com a secretaria:<br>\ud83d\udce7 spgcce@uel.br<br>\ud83d\udcde (43) 3371-4711<\/p>\n<\/div>\n<\/div>\n\n\n\n<p><\/p>\n","protected":false},"excerpt":{"rendered":"<p>\ud83d\udcdd Per\u00edodo de inscri\u00e7\u00e3o e upload de documentos: 05 de novembro de 2025 \u00e0 25 de fevereiro de 2026 Valor da Inscri\u00e7\u00e3o: R$ 81,00 (oitenta e um reais) Acesse o site para inscrever-se no processo seletivo:Acesse aqui Per\u00edodo de Selec\u00e3o: 26 de fevereiro de 2026 Edital de Resultado Parcial: 26 de fevereiro de 2026 Recurso [&hellip;]<\/p>\n","protected":false},"author":8,"featured_media":0,"parent":0,"menu_order":0,"comment_status":"closed","ping_status":"closed","template":"","meta":{"_acf_changed":false,"_themeisle_gutenberg_block_has_review":false,"footnotes":""},"class_list":["post-106","page","type-page","status-publish","hentry"],"acf":[],"_links":{"self":[{"href":"https:\/\/pos.uel.br\/bigdeep\/wp-json\/wp\/v2\/pages\/106","targetHints":{"allow":["GET"]}}],"collection":[{"href":"https:\/\/pos.uel.br\/bigdeep\/wp-json\/wp\/v2\/pages"}],"about":[{"href":"https:\/\/pos.uel.br\/bigdeep\/wp-json\/wp\/v2\/types\/page"}],"author":[{"embeddable":true,"href":"https:\/\/pos.uel.br\/bigdeep\/wp-json\/wp\/v2\/users\/8"}],"replies":[{"embeddable":true,"href":"https:\/\/pos.uel.br\/bigdeep\/wp-json\/wp\/v2\/comments?post=106"}],"version-history":[{"count":20,"href":"https:\/\/pos.uel.br\/bigdeep\/wp-json\/wp\/v2\/pages\/106\/revisions"}],"predecessor-version":[{"id":276,"href":"https:\/\/pos.uel.br\/bigdeep\/wp-json\/wp\/v2\/pages\/106\/revisions\/276"}],"wp:attachment":[{"href":"https:\/\/pos.uel.br\/bigdeep\/wp-json\/wp\/v2\/media?parent=106"}],"curies":[{"name":"wp","href":"https:\/\/api.w.org\/{rel}","templated":true}]}}